{"id":8044,"date":"2018-06-21T11:59:29","date_gmt":"2018-06-21T10:59:29","guid":{"rendered":"https:\/\/playbroks.com\/product\/invention-time-stem-construction-set\/"},"modified":"2026-04-04T17:59:53","modified_gmt":"2026-04-04T16:59:53","slug":"invention-time-stem-construction-set","status":"publish","type":"product","link":"https:\/\/playbroks.com\/en\/product\/invention-time-stem-construction-set\/","title":{"rendered":"Invention Time: STEM Construction Set &#8211; Broks"},"content":{"rendered":"<p><strong>Creaciones con Movimiento.<\/strong><\/p>\n<p>Ha llegado la hora de los peque\u00f1os inventores con INVENTION TIME.<\/p>\n<ul class=\"a-unordered-list a-vertical a-spacing-none\">\n<li><span class=\"a-list-item\">124 PIEZAS de buen tama\u00f1o y f\u00e1cil manipulaci\u00f3n incluidas ENGRANAJES y PIEZAS FLEXIBLES. Totalmente compatible entre modelos Broks<\/span><\/li>\n<li><span class=\"a-list-item\">10 DIVERTIDOS RETOS e inimaginables posibilidades de construcci\u00f3n libre. Los retos de Broks est\u00e1n organizados para comenzar con los m\u00e1s sencillos y luego intentar con los m\u00e1s complejos.<\/span><\/li>\n<li><span class=\"a-list-item\">LIBRO GUIA de retos de 24 p\u00e1ginas con el paso a paso de c\u00f3mo construirlos. Inventos propuestos: AVI\u00d3N, HELIC\u00d3PTERO, TELESCOPIO, TIOVIVO, TEL\u00c9FONO, GRUA, ROBOTS, BATIDORA, BICICLETA, COCHE<\/span><\/li>\n<\/ul>\n<p>Los juguetes de la colecci\u00f3n Broks ofrecen diversi\u00f3n asegurada por horas al permitir que los ni\u00f1os\u00a0<span class=\"a-text-bold\">imaginen y creen estructuras que se mueven<\/span>. Incluyen piezas simples como palos y conectores cil\u00edndricos y tambi\u00e9n piezas m\u00e1s complejas como engranajes o articulaciones seg\u00fan modelo.<\/p>\n<p><strong><span class=\"a-text-bold\">BROKS es un juguete denominado STEM porque ayuda a desarrollar habilidades en las \u00e1reas de ciencia, tecnolog\u00eda, ingenier\u00eda y matem\u00e1ticas.\u00a0<\/span><\/strong><span class=\"a-text-bold\">Permitir\u00e1 crear\u00a0dise\u00f1os originales y \u00fanicos con los que despertar la curiosidad y entender c\u00f3mo funcionan. Broks es un juguete diferente de construcci\u00f3n que les har\u00e1 pensar mientras se divierten.<\/span><\/p>\n<p>Estudios sugieren que manipular bloques de construcci\u00f3n ayuda a desarrollar, entre otras cosas, habilidades de coordinaci\u00f3n, lenguaje y conseguir un mejor rendimiento en matem\u00e1ticas. Incluso aquellas construcciones m\u00e1s complejas permiten perfeccionar las habilidades espaciales y son una fuente de inspiraci\u00f3n para que los ni\u00f1os y ni\u00f1as profundicen en el futuro en \u00e1reas de ciencia, ingenier\u00eda y tecnolog\u00eda.La prueba y error que experimentan al conectar los distintos componentes les estimula el pensamiento l\u00f3gico y el desarrollo cerebral. Broks es un juguete diferente de construcci\u00f3n que les hace pensar mientras se divierten.<\/p>\n<p>Todas las piezas de los juegos de construcci\u00f3n de Broks son <strong>compatibles entre los diferentes modelos<\/strong><\/p>\n<p>Los juguetes Broks cumples con las\u00a0<span class=\"a-text-bold\">normas de seguridad de juguetes EN 71\/72\/73<\/span>.\u00a0Adem\u00e1s:<\/p>\n<ul class=\"a-unordered-list a-vertical\">\n<li><span class=\"a-list-item\"><span class=\"a-text-bold\">Piezas de pl\u00e1stico ABS y espuma EVA respetuosos con el medio ambiente.<\/span><\/span><\/li>\n<li><span class=\"a-list-item\"><span class=\"a-text-bold\">100% pl\u00e1stico reciclable.<\/span><\/span><\/li>\n<li><strong><span class=\"a-list-item\"><span class=\"a-text-bold\">Libre de Ftalatos <\/span><\/span><\/strong><span class=\"a-list-item\"><span class=\"a-text-bold\">(DEHP, DBP, BBP, DINP, DIDP y DNOP).<\/span><\/span><\/li>\n<\/ul>\n","protected":false},"excerpt":{"rendered":"<p><span class=\"a-list-item\">Divertido y novedoso juego de construcci\u00f3n que <strong>potencia la imaginaci\u00f3n y la resoluci\u00f3n creativa de problemas<\/strong> en los ni\u00f1os.\u00a0<\/span>Atr\u00e9vete a construir desde bicicletas y aviones hasta telescopios, gr\u00faas o un tel\u00e9fono antiguo como el que usaban los abuelos.\u00a0Tiene <strong>piezas \u00fanicas, algunas flexibles<\/strong> que te permitir\u00e1n imaginar y crear los inventos m\u00e1s originales.<\/p>\n<ul>\n<li><span class=\"a-list-item\">EDAD:\u00a0<strong><span class=\"a-text-bold\">4 &#8211; 10 a\u00f1os.<\/span><\/strong><\/span><\/li>\n<\/ul>\n","protected":false},"featured_media":8045,"comment_status":"open","ping_status":"closed","template":"","meta":{"jetpack_post_was_ever_published":false},"product_brand":[],"product_cat":[212,211,196],"product_tag":[],"class_list":{"0":"post-8044","1":"product","2":"type-product","3":"status-publish","4":"has-post-thumbnail","6":"product_cat-basico","7":"product_cat-modelos","8":"product_cat-shop-en","10":"first","11":"outofstock","12":"taxable","13":"shipping-taxable","14":"purchasable","15":"product-type-simple"},"bundled_by":[],"bundle_stock_status":"outofstock","bundle_stock_quantity":0,"bundle_virtual":false,"bundle_layout":"","bundle_add_to_cart_form_location":"","bundle_editable_in_cart":false,"bundle_sold_individually_context":"","bundle_item_grouping":"","bundle_min_size":"","bundle_max_size":"","bundle_price":[],"bundled_items":[],"bundle_sell_ids":[],"jetpack_likes_enabled":true,"jetpack_sharing_enabled":true,"_links":{"self":[{"href":"https:\/\/playbroks.com\/en\/wp-json\/wp\/v2\/product\/8044","targetHints":{"allow":["GET"]}}],"collection":[{"href":"https:\/\/playbroks.com\/en\/wp-json\/wp\/v2\/product"}],"about":[{"href":"https:\/\/playbroks.com\/en\/wp-json\/wp\/v2\/types\/product"}],"replies":[{"embeddable":true,"href":"https:\/\/playbroks.com\/en\/wp-json\/wp\/v2\/comments?post=8044"}],"wp:featuredmedia":[{"embeddable":true,"href":"https:\/\/playbroks.com\/en\/wp-json\/wp\/v2\/media\/8045"}],"wp:attachment":[{"href":"https:\/\/playbroks.com\/en\/wp-json\/wp\/v2\/media?parent=8044"}],"wp:term":[{"taxonomy":"product_brand","embeddable":true,"href":"https:\/\/playbroks.com\/en\/wp-json\/wp\/v2\/product_brand?post=8044"},{"taxonomy":"product_cat","embeddable":true,"href":"https:\/\/playbroks.com\/en\/wp-json\/wp\/v2\/product_cat?post=8044"},{"taxonomy":"product_tag","embeddable":true,"href":"https:\/\/playbroks.com\/en\/wp-json\/wp\/v2\/product_tag?post=8044"}],"curies":[{"name":"wp","href":"https:\/\/api.w.org\/{rel}","templated":true}]}}