{"id":20342,"date":"2021-02-07T20:32:52","date_gmt":"2021-02-07T19:32:52","guid":{"rendered":"https:\/\/playbroks.com\/?page_id=20342"},"modified":"2021-02-07T20:35:17","modified_gmt":"2021-02-07T19:35:17","slug":"apps","status":"publish","type":"page","link":"https:\/\/playbroks.com\/fr\/apps\/","title":{"rendered":"Broks STEM Toys Apps"},"content":{"rendered":"\n<style type=\"text\/css\" data-created_by=\"avia_inline_auto\" id=\"style-css-av-dul5fa-7ae11997eee50c6ee4b6e56282ee7b3f\">\n.avia-section.av-dul5fa-7ae11997eee50c6ee4b6e56282ee7b3f{\nbackground-color:#018baa;\nbackground-image:unset;\n}\n<\/style>\n<div id='av_section_1'  class='avia-section av-dul5fa-7ae11997eee50c6ee4b6e56282ee7b3f main_color avia-section-no-padding avia-no-border-styling  avia-builder-el-0  el_before_av_section  avia-builder-el-first  av-medium-hide av-small-hide av-mini-hide avia-bg-style-scroll av-minimum-height av-minimum-height-75 av-height-75  container_wrap fullsize'   data-av_minimum_height_pc='75' data-av_min_height_opt='75'><div class='container av-section-cont-open' ><main  role=\"main\" itemprop=\"mainContentOfPage\"  class='template-page content  av-content-full alpha units'><div class='post-entry post-entry-type-page post-entry-20342'><div class='entry-content-wrapper clearfix'>\n\n<style type=\"text\/css\" data-created_by=\"avia_inline_auto\" id=\"style-css-av-5gyb7q-c4bc4b6d5188fbfd49cfd9050ccfeb33\">\n.flex_column.av-5gyb7q-c4bc4b6d5188fbfd49cfd9050ccfeb33{\nborder-radius:0px 0px 0px 0px;\npadding:80px 0px 0px 0px;\n}\n<\/style>\n<div  class='flex_column av-5gyb7q-c4bc4b6d5188fbfd49cfd9050ccfeb33 av_one_half  avia-builder-el-1  el_before_av_one_half  avia-builder-el-first  first no_margin flex_column_div  '     ><style type=\"text\/css\" data-created_by=\"avia_inline_auto\" id=\"style-css-av-3dxkt6u-e1f89f531ecb1b3785cea97551ef044e\">\n#top .av_textblock_section.av-3dxkt6u-e1f89f531ecb1b3785cea97551ef044e .avia_textblock{\ncolor:#333333;\n}\n<\/style>\n<section  class='av_textblock_section av-3dxkt6u-e1f89f531ecb1b3785cea97551ef044e '   itemscope=\"itemscope\" itemtype=\"https:\/\/schema.org\/CreativeWork\" ><div class='avia_textblock av_inherit_color'  itemprop=\"text\" ><h3 style=\"margin-bottom: 30px; text-align: left;\"><span style=\"color: #ffffff; font-size: 150%;\">Guides interactifs, anim\u00e9s et 3D<\/span><\/h3>\n<p style=\"font-size: 145%; line-height: 1.7em; text-align: left; padding-right: 5em; margin-bottom: 4em;\"><span style=\"color: #ffffff;\"><br \/>\nT\u00e9l\u00e9chargez les applications mobiles et tablettes et d\u00e9couvrez tous les d\u00e9fis Broks avec des instructions d\u00e9taill\u00e9es, des animations et des mod\u00e8les 3D \u00e9tape par \u00e9tape. Disponible pour iOS et Android sur l&#8217;App Store et Google Play.<\/span><\/p>\n<\/div><\/section><\/div>\n<style type=\"text\/css\" data-created_by=\"avia_inline_auto\" id=\"style-css-av-3t66d2-85ad620acda97b4506fc3d54bb53542a\">\n.flex_column.av-3t66d2-85ad620acda97b4506fc3d54bb53542a{\nborder-radius:0px 0px 0px 0px;\npadding:0px 0px 0px 0px;\n}\n<\/style>\n<div  class='flex_column av-3t66d2-85ad620acda97b4506fc3d54bb53542a av_one_half  avia-builder-el-3  el_after_av_one_half  avia-builder-el-last  no_margin flex_column_div av-zero-column-padding avia-full-contain  '     ><p><br \/>\n\n<style type=\"text\/css\" data-created_by=\"avia_inline_auto\" id=\"style-css-av-jjrln3fk-763af449b3f0bfe55c95c2803604cefe\">\n.avia-image-container.av-jjrln3fk-763af449b3f0bfe55c95c2803604cefe img.avia_image{\nbox-shadow:none;\n}\n.avia-image-container.av-jjrln3fk-763af449b3f0bfe55c95c2803604cefe .av-image-caption-overlay-center{\ncolor:#ffffff;\n}\n<\/style>\n<div  class='avia-image-container av-jjrln3fk-763af449b3f0bfe55c95c2803604cefe av-styling- avia-align-center  avia-builder-el-5  el_after_av_image  avia-builder-el-last '   itemprop=\"image\" itemscope=\"itemscope\" itemtype=\"https:\/\/schema.org\/ImageObject\" ><div class=\"avia-image-container-inner\"><div class=\"avia-image-overlay-wrap\"><img decoding=\"async\" fetchpriority=\"high\" class='wp-image-19042 avia-img-lazy-loading-not-19042 avia_image ' src=\"https:\/\/i0.wp.com\/playbroks.com\/wp-content\/uploads\/2020\/09\/apps-home.png?fit=2300%2C2000&ssl=1\" alt='' title='apps-home'  height=\"2000\" width=\"2300\"  itemprop=\"thumbnailUrl\"  \/><\/div><\/div><\/div><\/p><\/div><\/div><\/div><\/main><!-- close content main element --><\/div><\/div>\n<style type=\"text\/css\" data-created_by=\"avia_inline_auto\" id=\"style-css-av-dul5fa-0e1ae2993e3ab89c2b5c0445eef8f0b0\">\n.avia-section.av-dul5fa-0e1ae2993e3ab89c2b5c0445eef8f0b0{\nbackground-color:#018baa;\nbackground-image:unset;\n}\n<\/style>\n<div id='av_section_2'  class='avia-section av-dul5fa-0e1ae2993e3ab89c2b5c0445eef8f0b0 main_color avia-section-no-padding avia-no-border-styling  avia-builder-el-6  el_after_av_section  el_before_av_section  av-medium-hide av-small-hide av-mini-hide avia-bg-style-scroll container_wrap fullsize'  ><div class=\"av-section-color-overlay-wrap\"><a href='#next-section' title='' class='scroll-down-link  avia-svg-icon avia-font-svg_entypo-fontello' data-av_svg_icon='down-open-mini' data-av_iconset='svg_entypo-fontello'><svg version=\"1.1\" xmlns=\"http:\/\/www.w3.org\/2000\/svg\" width=\"15\" height=\"32\" viewBox=\"0 0 15 32\" preserveAspectRatio=\"xMidYMid meet\" aria-labelledby='av-svg-title-1' aria-describedby='av-svg-desc-1' role=\"graphics-symbol\" aria-hidden=\"true\">\n<title id='av-svg-title-1'>Scroller vers la prochaine section<\/title>\n<desc id='av-svg-desc-1'>Scroller vers la prochaine section<\/desc>\n<path d=\"M12.96 12.16q0.704-0.832 1.536 0 0.832 0.704 0 1.536l-6.272 6.144q-0.704 0.704-1.536 0l-6.272-6.144q-0.832-0.832 0-1.536 0.768-0.768 1.6 0l5.44 4.992z\"><\/path>\n<\/svg><\/a><div class='container av-section-cont-open' ><div class='template-page content  av-content-full alpha units'><div class='post-entry post-entry-type-page post-entry-20342'><div class='entry-content-wrapper clearfix'>\n\n<style type=\"text\/css\" data-created_by=\"avia_inline_auto\" id=\"style-css-av-keps6lib-b4fcfb4bef5ae15d90400ea73b10db56\">\n#top .flex_column.av-keps6lib-b4fcfb4bef5ae15d90400ea73b10db56{\nmargin-top:0px;\nmargin-bottom:0px;\n}\n.flex_column.av-keps6lib-b4fcfb4bef5ae15d90400ea73b10db56{\nborder-radius:0px 0px 0px 0px;\npadding:0px 5% 50px 5%;\n}\n.responsive #top #wrap_all .flex_column.av-keps6lib-b4fcfb4bef5ae15d90400ea73b10db56{\nmargin-top:0px;\nmargin-bottom:0px;\n}\n<\/style>\n<div  class='flex_column av-keps6lib-b4fcfb4bef5ae15d90400ea73b10db56 av_one_third  avia-builder-el-7  el_before_av_one_third  avia-builder-el-first  first flex_column_div  '     ><style type=\"text\/css\" data-created_by=\"avia_inline_auto\" id=\"style-css-av-keps00bu-f15d70e6e0737ed9e8a487bdac4d3d50\">\n.avia-image-container.av-keps00bu-f15d70e6e0737ed9e8a487bdac4d3d50 img.avia_image{\nbox-shadow:none;\n}\n.avia-image-container.av-keps00bu-f15d70e6e0737ed9e8a487bdac4d3d50 .av-image-caption-overlay-center{\ncolor:#ffffff;\n}\n<\/style>\n<div  class='avia-image-container av-keps00bu-f15d70e6e0737ed9e8a487bdac4d3d50 av-styling- av-img-linked avia-align-center  avia-builder-el-8  avia-builder-el-no-sibling '   itemprop=\"image\" itemscope=\"itemscope\" itemtype=\"https:\/\/schema.org\/ImageObject\" ><div class=\"avia-image-container-inner\"><div class=\"avia-image-overlay-wrap\"><a href=\"https:\/\/apps.apple.com\/us\/app\/broks-stem-toys\/id1524511295\" class='avia_image '  target=\"_blank\"  rel=\"noopener noreferrer\" aria-label='appstorebadge-home'><img decoding=\"async\" fetchpriority=\"high\" class='wp-image-19045 avia-img-lazy-loading-not-19045 avia_image ' src=\"https:\/\/i0.wp.com\/playbroks.com\/wp-content\/uploads\/2020\/09\/appstorebadge-home.png?fit=599%2C178&ssl=1\" alt='' title='appstorebadge-home'  height=\"178\" width=\"599\"  itemprop=\"thumbnailUrl\"  \/><\/a><\/div><\/div><\/div><\/div>\n<style type=\"text\/css\" data-created_by=\"avia_inline_auto\" id=\"style-css-av-keps6lib-cbe6774c235cc9764226741623341604\">\n#top .flex_column.av-keps6lib-cbe6774c235cc9764226741623341604{\nmargin-top:0px;\nmargin-bottom:0px;\n}\n.flex_column.av-keps6lib-cbe6774c235cc9764226741623341604{\nborder-radius:0px 0px 0px 0px;\npadding:0px 80px 50px 70px;\n}\n.responsive #top #wrap_all .flex_column.av-keps6lib-cbe6774c235cc9764226741623341604{\nmargin-top:0px;\nmargin-bottom:0px;\n}\n<\/style>\n<div  class='flex_column av-keps6lib-cbe6774c235cc9764226741623341604 av_one_third  avia-builder-el-9  el_after_av_one_third  el_before_av_one_third  flex_column_div  '     ><\/div>\n<style type=\"text\/css\" data-created_by=\"avia_inline_auto\" id=\"style-css-av-keps7p7f-e19eb76e957191b047ed0dc0857c99e2\">\n#top .flex_column.av-keps7p7f-e19eb76e957191b047ed0dc0857c99e2{\nmargin-top:0px;\nmargin-bottom:0px;\n}\n.flex_column.av-keps7p7f-e19eb76e957191b047ed0dc0857c99e2{\nborder-radius:0px 0px 0px 0px;\npadding:0px 5% 50px 5%;\n}\n.responsive #top #wrap_all .flex_column.av-keps7p7f-e19eb76e957191b047ed0dc0857c99e2{\nmargin-top:0px;\nmargin-bottom:0px;\n}\n<\/style>\n<div  class='flex_column av-keps7p7f-e19eb76e957191b047ed0dc0857c99e2 av_one_third  avia-builder-el-10  el_after_av_one_third  avia-builder-el-last  flex_column_div  '     ><style type=\"text\/css\" data-created_by=\"avia_inline_auto\" id=\"style-css-av-keps3ina-9823266dc18d8c0212269a510bdf4bd3\">\n.avia-image-container.av-keps3ina-9823266dc18d8c0212269a510bdf4bd3 img.avia_image{\nbox-shadow:none;\n}\n.avia-image-container.av-keps3ina-9823266dc18d8c0212269a510bdf4bd3 .av-image-caption-overlay-center{\ncolor:#ffffff;\n}\n<\/style>\n<div  class='avia-image-container av-keps3ina-9823266dc18d8c0212269a510bdf4bd3 av-styling- av-img-linked avia-align-center  avia-builder-el-11  avia-builder-el-no-sibling '   itemprop=\"image\" itemscope=\"itemscope\" itemtype=\"https:\/\/schema.org\/ImageObject\" ><div class=\"avia-image-container-inner\"><div class=\"avia-image-overlay-wrap\"><a href=\"https:\/\/play.google.com\/store\/apps\/details?id=com.playbroks.broks.app\" class='avia_image '  target=\"_blank\"  rel=\"noopener noreferrer\" aria-label='googleplaybadge-home'><img decoding=\"async\" fetchpriority=\"high\" class='wp-image-19048 avia-img-lazy-loading-not-19048 avia_image ' src=\"https:\/\/i0.wp.com\/playbroks.com\/wp-content\/uploads\/2020\/09\/googleplaybadge-home.png?fit=601%2C178&ssl=1\" alt='' title='googleplaybadge-home'  height=\"178\" width=\"601\"  itemprop=\"thumbnailUrl\"  \/><\/a><\/div><\/div><\/div><\/div>\n<\/p>\n<\/div><\/div><\/div><!-- close content main div --><\/div><\/div><\/div>\n<style type=\"text\/css\" data-created_by=\"avia_inline_auto\" id=\"style-css-av-dul5fa-638197dcca12d60fdc2b27844e45af15\">\n.avia-section.av-dul5fa-638197dcca12d60fdc2b27844e45af15{\nbackground-color:#018baa;\nbackground-image:unset;\n}\n<\/style>\n<div id='av_section_3'  class='avia-section av-dul5fa-638197dcca12d60fdc2b27844e45af15 main_color avia-section-default avia-no-border-styling  avia-builder-el-12  el_after_av_section  el_before_av_section  av-desktop-hide avia-bg-style-scroll av-minimum-height av-minimum-height-75 av-height-75  container_wrap fullsize'   data-av_minimum_height_pc='75' data-av_min_height_opt='75'><div class='container av-section-cont-open' ><div class='template-page content  av-content-full alpha units'><div class='post-entry post-entry-type-page post-entry-20342'><div class='entry-content-wrapper clearfix'>\n\n<style type=\"text\/css\" data-created_by=\"avia_inline_auto\" id=\"style-css-av-3t66d2-032d738e50f9449bbb6d79ff8826d1ae\">\n.flex_column.av-3t66d2-032d738e50f9449bbb6d79ff8826d1ae{\nborder-radius:0px 0px 0px 0px;\npadding:0px 0px 0px 0px;\n}\n<\/style>\n<div  class='flex_column av-3t66d2-032d738e50f9449bbb6d79ff8826d1ae av_one_full  avia-builder-el-13  el_before_av_one_full  avia-builder-el-first  first flex_column_div av-zero-column-padding avia-full-contain  '     ><p><br \/>\n\n<style type=\"text\/css\" data-created_by=\"avia_inline_auto\" id=\"style-css-av-jjrln3fk-763af449b3f0bfe55c95c2803604cefe\">\n.avia-image-container.av-jjrln3fk-763af449b3f0bfe55c95c2803604cefe img.avia_image{\nbox-shadow:none;\n}\n.avia-image-container.av-jjrln3fk-763af449b3f0bfe55c95c2803604cefe .av-image-caption-overlay-center{\ncolor:#ffffff;\n}\n<\/style>\n<div  class='avia-image-container av-jjrln3fk-763af449b3f0bfe55c95c2803604cefe av-styling- avia-align-center  avia-builder-el-15  el_after_av_image  avia-builder-el-last '   itemprop=\"image\" itemscope=\"itemscope\" itemtype=\"https:\/\/schema.org\/ImageObject\" ><div class=\"avia-image-container-inner\"><div class=\"avia-image-overlay-wrap\"><img decoding=\"async\" fetchpriority=\"high\" class='wp-image-19042 avia-img-lazy-loading-not-19042 avia_image ' src=\"https:\/\/i0.wp.com\/playbroks.com\/wp-content\/uploads\/2020\/09\/apps-home.png?fit=2300%2C2000&ssl=1\" alt='' title='apps-home'  height=\"2000\" width=\"2300\"  itemprop=\"thumbnailUrl\"  \/><\/div><\/div><\/div><\/p><\/div>\n<style type=\"text\/css\" data-created_by=\"avia_inline_auto\" id=\"style-css-av-5gyb7q-04b85afa297e6197cf67ef3f2f640d13\">\n.flex_column.av-5gyb7q-04b85afa297e6197cf67ef3f2f640d13{\nborder-radius:0px 0px 0px 0px;\npadding:0px 0px 0px 0px;\n}\n<\/style>\n<div  class='flex_column av-5gyb7q-04b85afa297e6197cf67ef3f2f640d13 av_one_full  avia-builder-el-16  el_after_av_one_full  el_before_av_one_half  first no_margin flex_column_div av-zero-column-padding  column-top-margin'     ><style type=\"text\/css\" data-created_by=\"avia_inline_auto\" id=\"style-css-av-3dxkt6u-e1f89f531ecb1b3785cea97551ef044e\">\n#top .av_textblock_section.av-3dxkt6u-e1f89f531ecb1b3785cea97551ef044e .avia_textblock{\ncolor:#333333;\n}\n<\/style>\n<section  class='av_textblock_section av-3dxkt6u-e1f89f531ecb1b3785cea97551ef044e '   itemscope=\"itemscope\" itemtype=\"https:\/\/schema.org\/CreativeWork\" ><div class='avia_textblock av_inherit_color'  itemprop=\"text\" ><h3 style=\"margin-bottom: 3; text-align: left;\"><span style=\"color: #ffffff; font-size: 140%;\">Guides interactifs, anim\u00e9s et 3D<\/span><\/h3>\n<p style=\"font-size: 135%; line-height: 1.7em; text-align: left; margin-bottom: 2em;\"><span style=\"color: #ffffff;\">T\u00e9l\u00e9chargez les applications mobiles et tablettes et d\u00e9couvrez tous les d\u00e9fis Broks avec des instructions d\u00e9taill\u00e9es, des animations et des mod\u00e8les 3D \u00e9tape par \u00e9tape. Disponible pour iOS et Android sur l&#8217;App Store et Google Play.<\/span><\/p>\n<\/div><\/section><\/div><div class='flex_column_table av-1n33b-80edeeeb8a61bce66bf49d2fbcf9650c sc-av_one_half av-equal-height-column-flextable'>\n<style type=\"text\/css\" data-created_by=\"avia_inline_auto\" id=\"style-css-av-1n33b-80edeeeb8a61bce66bf49d2fbcf9650c\">\n#top .flex_column_table.av-equal-height-column-flextable.av-1n33b-80edeeeb8a61bce66bf49d2fbcf9650c{\nmargin-top:0px;\nmargin-bottom:5%;\n}\n.flex_column.av-1n33b-80edeeeb8a61bce66bf49d2fbcf9650c{\nborder-radius:0px 0px 0px 0px;\npadding:30px 30px 0 30px;\n}\n<\/style>\n<div  class='flex_column av-1n33b-80edeeeb8a61bce66bf49d2fbcf9650c av_one_half  avia-builder-el-18  el_after_av_one_full  el_before_av_one_half  first no_margin flex_column_table_cell av-equal-height-column av-align-top  column-top-margin'     ><style type=\"text\/css\" data-created_by=\"avia_inline_auto\" id=\"style-css-av-kepn8mnn-51efbfc806622da95cc9aea2e3aaec2d\">\n.avia-image-container.av-kepn8mnn-51efbfc806622da95cc9aea2e3aaec2d img.avia_image{\nbox-shadow:none;\n}\n.avia-image-container.av-kepn8mnn-51efbfc806622da95cc9aea2e3aaec2d .av-image-caption-overlay-center{\ncolor:#ffffff;\n}\n<\/style>\n<div  class='avia-image-container av-kepn8mnn-51efbfc806622da95cc9aea2e3aaec2d av-styling- av-img-linked avia-align-center  avia-builder-el-19  avia-builder-el-no-sibling '   itemprop=\"image\" itemscope=\"itemscope\" itemtype=\"https:\/\/schema.org\/ImageObject\" ><div class=\"avia-image-container-inner\"><div class=\"avia-image-overlay-wrap\"><a href=\"https:\/\/apps.apple.com\/us\/app\/broks-stem-toys\/id1524511295\" class='avia_image '  target=\"_blank\"  rel=\"noopener noreferrer\" aria-label='appstorebadge-home'><img decoding=\"async\" fetchpriority=\"high\" class='wp-image-19045 avia-img-lazy-loading-not-19045 avia_image ' src=\"https:\/\/i0.wp.com\/playbroks.com\/wp-content\/uploads\/2020\/09\/appstorebadge-home.png?fit=599%2C178&ssl=1\" alt='' title='appstorebadge-home'  height=\"178\" width=\"599\"  itemprop=\"thumbnailUrl\"  \/><\/a><\/div><\/div><\/div><\/div>\n<style type=\"text\/css\" data-created_by=\"avia_inline_auto\" id=\"style-css-av-1n33b-15a49c121fd7cb0b1b57c307c8c57d6a\">\n#top .flex_column_table.av-equal-height-column-flextable.av-1n33b-15a49c121fd7cb0b1b57c307c8c57d6a{\nmargin-top:0px;\nmargin-bottom:5%;\n}\n.flex_column.av-1n33b-15a49c121fd7cb0b1b57c307c8c57d6a{\nborder-radius:0px 0px 0px 0px;\npadding:30px 30px 0 30px;\n}\n<\/style>\n<div  class='flex_column av-1n33b-15a49c121fd7cb0b1b57c307c8c57d6a av_one_half  avia-builder-el-20  el_after_av_one_half  avia-builder-el-last  no_margin flex_column_table_cell av-equal-height-column av-align-top  column-top-margin'     ><style type=\"text\/css\" data-created_by=\"avia_inline_auto\" id=\"style-css-av-kepn8mnn-694df1fb3e476748ce5441be52c0311e\">\n.avia-image-container.av-kepn8mnn-694df1fb3e476748ce5441be52c0311e img.avia_image{\nbox-shadow:none;\n}\n.avia-image-container.av-kepn8mnn-694df1fb3e476748ce5441be52c0311e .av-image-caption-overlay-center{\ncolor:#ffffff;\n}\n<\/style>\n<div  class='avia-image-container av-kepn8mnn-694df1fb3e476748ce5441be52c0311e av-styling- av-img-linked avia-align-center  avia-builder-el-21  avia-builder-el-no-sibling '   itemprop=\"image\" itemscope=\"itemscope\" itemtype=\"https:\/\/schema.org\/ImageObject\" ><div class=\"avia-image-container-inner\"><div class=\"avia-image-overlay-wrap\"><a href=\"https:\/\/play.google.com\/store\/apps\/details?id=com.playbroks.broks.app\" class='avia_image '  target=\"_blank\"  rel=\"noopener noreferrer\" aria-label='googleplaybadge-home'><img decoding=\"async\" fetchpriority=\"high\" class='wp-image-19048 avia-img-lazy-loading-not-19048 avia_image ' src=\"https:\/\/i0.wp.com\/playbroks.com\/wp-content\/uploads\/2020\/09\/googleplaybadge-home.png?fit=601%2C178&ssl=1\" alt='' title='googleplaybadge-home'  height=\"178\" width=\"601\"  itemprop=\"thumbnailUrl\"  \/><\/a><\/div><\/div><\/div><\/div><\/div><!--close column table wrapper. Autoclose: 1 --><\/div><\/div><\/div><!-- close content main div --><\/div><\/div>\n<style type=\"text\/css\" data-created_by=\"avia_inline_auto\" id=\"style-css-av-iyg6k8-0cf9701ccdbc62229b79f50287f5887c\">\n.avia-section.av-iyg6k8-0cf9701ccdbc62229b79f50287f5887c{\nbackground-color:#373737;\nbackground-image:unset;\n}\n<\/style>\n<div id='brk_social_home'  class='avia-section av-iyg6k8-0cf9701ccdbc62229b79f50287f5887c main_color avia-section-no-padding avia-no-shadow  avia-builder-el-22  el_after_av_section  avia-builder-el-last  avia-bg-style-scroll container_wrap fullsize'  ><div class='container av-section-cont-open' ><div class='template-page content  av-content-full alpha units'><div class='post-entry post-entry-type-page post-entry-20342'><div class='entry-content-wrapper clearfix'>\n<div class='flex_column_table av-hnb2vs-c26236462afea4020c0d5652aec81385 sc-av_one_third av-equal-height-column-flextable'>\n<style type=\"text\/css\" data-created_by=\"avia_inline_auto\" id=\"style-css-av-hnb2vs-c26236462afea4020c0d5652aec81385\">\n.flex_column.av-hnb2vs-c26236462afea4020c0d5652aec81385{\nborder-radius:0px 0px 0px 0px;\npadding:25px 0px 0px 0px;\n}\n<\/style>\n<div  class='flex_column av-hnb2vs-c26236462afea4020c0d5652aec81385 av_one_third  avia-builder-el-23  el_before_av_one_third  avia-builder-el-first  first flex_column_table_cell av-equal-height-column av-align-top  '     ><style type=\"text\/css\" data-created_by=\"avia_inline_auto\" id=\"style-css-av-g203wo-df7c24e5b7c9a0df4fb1a3a86ff6db2c\">\n.av_font_icon.av-g203wo-df7c24e5b7c9a0df4fb1a3a86ff6db2c{\ncolor:#bbbbbb;\nborder-color:#bbbbbb;\n}\n.avia-svg-icon.av-g203wo-df7c24e5b7c9a0df4fb1a3a86ff6db2c svg:first-child{\nstroke:#bbbbbb;\nfill:#bbbbbb;\n}\n.av_font_icon.av-g203wo-df7c24e5b7c9a0df4fb1a3a86ff6db2c .av-icon-char{\nfont-size:40px;\nline-height:40px;\n}\n<\/style>\n<span  class='av_font_icon av-g203wo-df7c24e5b7c9a0df4fb1a3a86ff6db2c avia_animate_when_visible av-icon-style- avia-icon-pos-center avia-iconfont avia-font-entypo-fontello avia-icon-animate'><a href='http:\/\/facebook.com\/playBroks\/'  target=\"_blank\"  rel=\"noopener noreferrer\"  class='av-icon-char' data-av_icon='\ue8f5' data-av_iconfont='entypo-fontello' aria-hidden=\"false\" ><\/a><\/span><\/div><div class='av-flex-placeholder'><\/div>\n<style type=\"text\/css\" data-created_by=\"avia_inline_auto\" id=\"style-css-av-eq47q0-53c8400a5931df3e9203b6218a16e57d\">\n.flex_column.av-eq47q0-53c8400a5931df3e9203b6218a16e57d{\nborder-radius:0px 0px 0px 0px;\npadding:25px 0px 0px 0px;\n}\n<\/style>\n<div  class='flex_column av-eq47q0-53c8400a5931df3e9203b6218a16e57d av_one_third  avia-builder-el-25  el_after_av_one_third  el_before_av_one_third  flex_column_table_cell av-equal-height-column av-align-top  '     ><style type=\"text\/css\" data-created_by=\"avia_inline_auto\" id=\"style-css-av-cg8om0-e5d200a6e5fd54e0aec2adea4a4a572f\">\n.av_font_icon.av-cg8om0-e5d200a6e5fd54e0aec2adea4a4a572f{\ncolor:#bbbbbb;\nborder-color:#bbbbbb;\n}\n.avia-svg-icon.av-cg8om0-e5d200a6e5fd54e0aec2adea4a4a572f svg:first-child{\nstroke:#bbbbbb;\nfill:#bbbbbb;\n}\n.av_font_icon.av-cg8om0-e5d200a6e5fd54e0aec2adea4a4a572f .av-icon-char{\nfont-size:40px;\nline-height:40px;\n}\n<\/style>\n<span  class='av_font_icon av-cg8om0-e5d200a6e5fd54e0aec2adea4a4a572f avia_animate_when_visible av-icon-style- avia-icon-pos-center avia-iconfont avia-font-entypo-fontello avia-icon-animate'><a href='https:\/\/www.instagram.com\/playbroks\/'  target=\"_blank\"  rel=\"noopener noreferrer\"  class='av-icon-char' data-av_icon='\ue909' data-av_iconfont='entypo-fontello' aria-hidden=\"false\" ><\/a><\/span><\/div><div class='av-flex-placeholder'><\/div>\n<style type=\"text\/css\" data-created_by=\"avia_inline_auto\" id=\"style-css-av-aynvvs-285c31f2faaf20c8f13abcb9ece44563\">\n.flex_column.av-aynvvs-285c31f2faaf20c8f13abcb9ece44563{\nborder-radius:0px 0px 0px 0px;\npadding:25px 0px 0px 0px;\n}\n<\/style>\n<div  class='flex_column av-aynvvs-285c31f2faaf20c8f13abcb9ece44563 av_one_third  avia-builder-el-27  el_after_av_one_third  avia-builder-el-last  flex_column_table_cell av-equal-height-column av-align-top  '     ><style type=\"text\/css\" data-created_by=\"avia_inline_auto\" id=\"style-css-av-976nd4-ce2a05083e3ba03b9b8862c4e9a1099d\">\n.av_font_icon.av-976nd4-ce2a05083e3ba03b9b8862c4e9a1099d{\ncolor:#bbbbbb;\nborder-color:#bbbbbb;\n}\n.avia-svg-icon.av-976nd4-ce2a05083e3ba03b9b8862c4e9a1099d svg:first-child{\nstroke:#bbbbbb;\nfill:#bbbbbb;\n}\n.av_font_icon.av-976nd4-ce2a05083e3ba03b9b8862c4e9a1099d .av-icon-char{\nfont-size:40px;\nline-height:40px;\n}\n<\/style>\n<span  class='av_font_icon av-976nd4-ce2a05083e3ba03b9b8862c4e9a1099d avia_animate_when_visible av-icon-style- avia-icon-pos-center avia-iconfont avia-font-entypo-fontello avia-icon-animate'><a href='http:\/\/twitter.com\/playbroks'  target=\"_blank\"  rel=\"noopener noreferrer\"  class='av-icon-char' data-av_icon='\ue8f1' data-av_iconfont='entypo-fontello' aria-hidden=\"false\" ><\/a><\/span><\/div><\/div><!--close column table wrapper. Autoclose: 1 -->\n<\/p>\n","protected":false},"excerpt":{"rendered":"","protected":false},"author":1,"featured_media":0,"parent":0,"menu_order":0,"comment_status":"closed","ping_status":"closed","template":"","meta":{"jetpack_post_was_ever_published":false,"footnotes":""},"categories":[],"tags":[],"class_list":["post-20342","page","type-page","status-publish","hentry"],"jetpack_likes_enabled":true,"jetpack_sharing_enabled":true,"_links":{"self":[{"href":"https:\/\/playbroks.com\/fr\/wp-json\/wp\/v2\/pages\/20342","targetHints":{"allow":["GET"]}}],"collection":[{"href":"https:\/\/playbroks.com\/fr\/wp-json\/wp\/v2\/pages"}],"about":[{"href":"https:\/\/playbroks.com\/fr\/wp-json\/wp\/v2\/types\/page"}],"author":[{"embeddable":true,"href":"https:\/\/playbroks.com\/fr\/wp-json\/wp\/v2\/users\/1"}],"replies":[{"embeddable":true,"href":"https:\/\/playbroks.com\/fr\/wp-json\/wp\/v2\/comments?post=20342"}],"version-history":[{"count":3,"href":"https:\/\/playbroks.com\/fr\/wp-json\/wp\/v2\/pages\/20342\/revisions"}],"predecessor-version":[{"id":20345,"href":"https:\/\/playbroks.com\/fr\/wp-json\/wp\/v2\/pages\/20342\/revisions\/20345"}],"wp:attachment":[{"href":"https:\/\/playbroks.com\/fr\/wp-json\/wp\/v2\/media?parent=20342"}],"wp:term":[{"taxonomy":"category","embeddable":true,"href":"https:\/\/playbroks.com\/fr\/wp-json\/wp\/v2\/categories?post=20342"},{"taxonomy":"post_tag","embeddable":true,"href":"https:\/\/playbroks.com\/fr\/wp-json\/wp\/v2\/tags?post=20342"}],"curies":[{"name":"wp","href":"https:\/\/api.w.org\/{rel}","templated":true}]}}